{"id":6197,"date":"2023-07-09T15:02:08","date_gmt":"2023-07-09T15:02:08","guid":{"rendered":"https:\/\/santahelenaiscala.com\/?post_type=product&#038;p=6197"},"modified":"2025-11-02T01:38:11","modified_gmt":"2025-11-02T01:38:11","slug":"irama-bourbon-rojo","status":"publish","type":"product","link":"https:\/\/santahelenaiscala.com\/en\/tienda\/irama-bourbon-rojo\/","title":{"rendered":"Iram\u00e1 Coffee \u2013 Red Bourbon Variety"},"content":{"rendered":"<p>Caf\u00e9 especial. Tosti\u00f3n: Media. Altura: 1800 Msnm. Variedad: Bourbon Rojo. Notas: Ciruelas, Mora, Chocolate Blanco. Origen: Iscal\u00e1, Norte de Santander. Proceso: Lavado. Registro No.: NSA-001 1224-2021<\/p>\n<p>En la finca Santa Helena seleccionamos el caf\u00e9 grano a grano eligiendo los mejores, cultivados en las tierras Chitareras que rodean el valle de Iscala. Las quebradas, los bosques y la condici\u00f3n del clima contribuyen a un caf\u00e9 de alta calidad.<\/p>\n<p>Inspirado en la magia de la naturaleza que acoge este lugar, nace Caf\u00e9 Iram\u00e1. Cada grano contiene toda la pasi\u00f3n, el amor y el respeto con el que trabajamos la tierra.<\/p>","protected":false},"excerpt":{"rendered":"<p>Caf\u00e9 especial. Tosti\u00f3n: Media. Variedad: Bourbon Rojo. Origen: Iscal\u00e1, Norte de Santander. Proceso: Lavado. Notas: Ciruelas, Mora, Chocolate Blanco. Registro No.: NSA-001 1224-2021<\/p>","protected":false},"featured_media":8629,"comment_status":"open","ping_status":"closed","template":"","meta":{"_monsterinsights_skip_tracking":false,"_monsterinsights_sitenote_active":false,"_monsterinsights_sitenote_note":"","_monsterinsights_sitenote_category":0,"site-sidebar-layout":"no-sidebar","site-content-layout":"content-boxed-container","ast-site-content-layout":"normal-width-container","site-content-style":"boxed","site-sidebar-style":"unboxed","ast-global-header-display":"","ast-banner-title-visibility":"","ast-main-header-display":"","ast-hfb-above-header-display":"","ast-hfb-below-header-display":"","ast-hfb-mobile-header-display":"","site-post-title":"","ast-breadcrumbs-content":"","ast-featured-img":"","footer-sml-layout":"","theme-transparent-header-meta":"default","adv-header-id-meta":"","stick-header-meta":"","header-above-stick-meta":"","header-main-stick-meta":"","header-below-stick-meta":"","astra-migrate-meta-layouts":"set","ast-page-background-enabled":"default","ast-page-background-meta":{"desktop":{"background-color":"","background-image":"","background-repeat":"repeat","background-position":"center center","background-size":"auto","background-attachment":"scroll","background-type":"","background-media":"","overlay-type":"","overlay-color":"","overlay-opacity":"","overlay-gradient":""},"tablet":{"background-color":"","background-image":"","background-repeat":"repeat","background-position":"center center","background-size":"auto","background-attachment":"scroll","background-type":"","background-media":"","overlay-type":"","overlay-color":"","overlay-opacity":"","overlay-gradient":""},"mobile":{"background-color":"","background-image":"","background-repeat":"repeat","background-position":"center center","background-size":"auto","background-attachment":"scroll","background-type":"","background-media":"","overlay-type":"","overlay-color":"","overlay-opacity":"","overlay-gradient":""}},"ast-content-background-meta":{"desktop":{"background-color":"var(--ast-global-color-5)","background-image":"","background-repeat":"repeat","background-position":"center center","background-size":"auto","background-attachment":"scroll","background-type":"","background-media":"","overlay-type":"","overlay-color":"","overlay-opacity":"","overlay-gradient":""},"tablet":{"background-color":"var(--ast-global-color-5)","background-image":"","background-repeat":"repeat","background-position":"center center","background-size":"auto","background-attachment":"scroll","background-type":"","background-media":"","overlay-type":"","overlay-color":"","overlay-opacity":"","overlay-gradient":""},"mobile":{"background-color":"var(--ast-global-color-5)","background-image":"","background-repeat":"repeat","background-position":"center center","background-size":"auto","background-attachment":"scroll","background-type":"","background-media":"","overlay-type":"","overlay-color":"","overlay-opacity":"","overlay-gradient":""}},"_joinchat":[]},"product_brand":[],"product_cat":[38],"product_tag":[88,92,91,90,89,87],"class_list":{"0":"post-6197","1":"product","2":"type-product","3":"status-publish","4":"has-post-thumbnail","6":"product_cat-irama","7":"product_tag-cafe","8":"product_tag-cafe-colombiano","9":"product_tag-cafe-de-origen","10":"product_tag-cafe-especial","11":"product_tag-coffee","12":"product_tag-irama","13":"desktop-align-left","14":"tablet-align-left","15":"mobile-align-left","17":"first","18":"instock","19":"purchasable","20":"product-type-variable"},"_links":{"self":[{"href":"https:\/\/santahelenaiscala.com\/en\/wp-json\/wp\/v2\/product\/6197","targetHints":{"allow":["GET"]}}],"collection":[{"href":"https:\/\/santahelenaiscala.com\/en\/wp-json\/wp\/v2\/product"}],"about":[{"href":"https:\/\/santahelenaiscala.com\/en\/wp-json\/wp\/v2\/types\/product"}],"replies":[{"embeddable":true,"href":"https:\/\/santahelenaiscala.com\/en\/wp-json\/wp\/v2\/comments?post=6197"}],"version-history":[{"count":4,"href":"https:\/\/santahelenaiscala.com\/en\/wp-json\/wp\/v2\/product\/6197\/revisions"}],"predecessor-version":[{"id":8663,"href":"https:\/\/santahelenaiscala.com\/en\/wp-json\/wp\/v2\/product\/6197\/revisions\/8663"}],"wp:featuredmedia":[{"embeddable":true,"href":"https:\/\/santahelenaiscala.com\/en\/wp-json\/wp\/v2\/media\/8629"}],"wp:attachment":[{"href":"https:\/\/santahelenaiscala.com\/en\/wp-json\/wp\/v2\/media?parent=6197"}],"wp:term":[{"taxonomy":"product_brand","embeddable":true,"href":"https:\/\/santahelenaiscala.com\/en\/wp-json\/wp\/v2\/product_brand?post=6197"},{"taxonomy":"product_cat","embeddable":true,"href":"https:\/\/santahelenaiscala.com\/en\/wp-json\/wp\/v2\/product_cat?post=6197"},{"taxonomy":"product_tag","embeddable":true,"href":"https:\/\/santahelenaiscala.com\/en\/wp-json\/wp\/v2\/product_tag?post=6197"}],"curies":[{"name":"wp","href":"https:\/\/api.w.org\/{rel}","templated":true}]}}